{"id":42,"date":"2025-04-09T15:15:41","date_gmt":"2025-04-09T13:15:41","guid":{"rendered":"http:\/\/martprestige.com\/?page_id=42"},"modified":"2025-04-09T20:37:20","modified_gmt":"2025-04-09T18:37:20","slug":"contact","status":"publish","type":"page","link":"https:\/\/martprestige.com\/?page_id=42","title":{"rendered":"Contact"},"content":{"rendered":"\n    \n    <section class=\"u-align-center u-clearfix u-container-align-center u-valign-bottom-lg u-valign-bottom-md u-valign-bottom-sm u-valign-bottom-xs u-section-2\" id=\"sec-c46c\">\n      <div class=\"u-clearfix u-sheet u-valign-middle-lg u-valign-middle-md u-valign-middle-sm u-valign-middle-xl u-sheet-1\">\n        <h2 class=\"u-text u-text-custom-color-22 u-text-1\">coordonn\u00e9es<\/h2>\n        <p class=\"u-text u-text-2\"> Profitez d\u2019un service VTC haut de gamme, disponible 24h\/24 et 7j\/7.<br> Remplissez le formulaire ci-dessous pour r\u00e9server votre chauffeur priv\u00e9. Nous vous confirmerons votre demande dans les plus brefs d\u00e9lais. \n        <\/p>\n        <div class=\"data-layout-selected u-clearfix u-expanded-width u-gutter-0 u-layout-wrap u-palette-1-base u-layout-wrap-1\">\n          <div class=\"u-gutter-0 u-layout\">\n            <div class=\"u-layout-row\">\n              <div class=\"u-size-30 u-size-60-md\">\n                <div class=\"u-layout-col\">\n                  <div class=\"u-size-30\">\n                    <div class=\"u-layout-row\">\n                      <div class=\"u-align-center u-container-align-center u-container-style u-layout-cell u-left-cell u-palette-5-dark-3 u-size-30 u-layout-cell-1\">\n                        <div class=\"u-border-2 u-border-custom-color-22 u-container-layout u-valign-middle u-container-layout-1\"><span class=\"u-border-3 u-border-grey-15 u-icon u-icon-circle u-text-grey-40 u-icon-1\"><svg class=\"u-svg-link\" preserveAspectRatio=\"xMidYMin slice\" viewBox=\"0 0 512 512\" style=\"\"><use xlink:href=\"#svg-722a\"><\/use><\/svg><svg class=\"u-svg-content\" viewBox=\"0 0 512 512\" x=\"0px\" y=\"0px\" id=\"svg-722a\" style=\"enable-background:new 0 0 512 512;\"><g><g><path d=\"M256,0C156.748,0,76,80.748,76,180c0,33.534,9.289,66.26,26.869,94.652l142.885,230.257    c2.737,4.411,7.559,7.091,12.745,7.091c0.04,0,0.079,0,0.119,0c5.231-0.041,10.063-2.804,12.75-7.292L410.611,272.22    C427.221,244.428,436,212.539,436,180C436,80.748,355.252,0,256,0z M384.866,256.818L258.272,468.186l-129.905-209.34    C113.734,235.214,105.8,207.95,105.8,180c0-82.71,67.49-150.2,150.2-150.2S406.1,97.29,406.1,180    C406.1,207.121,398.689,233.688,384.866,256.818z\"><\/path>\n<\/g>\n<\/g><g><g><path d=\"M256,90c-49.626,0-90,40.374-90,90c0,49.309,39.717,90,90,90c50.903,0,90-41.233,90-90C346,130.374,305.626,90,256,90z     M256,240.2c-33.257,0-60.2-27.033-60.2-60.2c0-33.084,27.116-60.2,60.2-60.2s60.1,27.116,60.1,60.2    C316.1,212.683,289.784,240.2,256,240.2z\"><\/path>\n<\/g>\n<\/g><\/svg><\/span>\n                          <h5 class=\"u-text u-text-grey-40 u-text-3\"><span class=\"u-text-custom-color-22\">Adresse<\/span>: \n                          <\/h5>\n                          <p class=\"u-text u-text-4\"> 425 Rue de Pounelle<br>45160 OLIVET \n                          <\/p>\n                        <\/div>\n                      <\/div>\n                      <div class=\"u-container-style u-layout-cell u-palette-5-dark-3 u-size-30 u-layout-cell-2\">\n                        <div class=\"u-container-layout u-valign-middle-lg u-valign-middle-md u-valign-middle-sm u-valign-middle-xs u-container-layout-2\"><span class=\"u-border-3 u-border-grey-50 u-icon u-icon-circle u-text-grey-40 u-icon-2\"><svg class=\"u-svg-link\" preserveAspectRatio=\"xMidYMin slice\" viewBox=\"0 0 479.058 479.058\" style=\"\"><use xlink:href=\"#svg-59ee\"><\/use><\/svg><svg class=\"u-svg-content\" viewBox=\"0 0 479.058 479.058\" id=\"svg-59ee\"><path d=\"m434.146 59.882h-389.234c-24.766 0-44.912 20.146-44.912 44.912v269.47c0 24.766 20.146 44.912 44.912 44.912h389.234c24.766 0 44.912-20.146 44.912-44.912v-269.47c0-24.766-20.146-44.912-44.912-44.912zm0 29.941c2.034 0 3.969.422 5.738 1.159l-200.355 173.649-200.356-173.649c1.769-.736 3.704-1.159 5.738-1.159zm0 299.411h-389.234c-8.26 0-14.971-6.71-14.971-14.971v-251.648l199.778 173.141c2.822 2.441 6.316 3.655 9.81 3.655s6.988-1.213 9.81-3.655l199.778-173.141v251.649c-.001 8.26-6.711 14.97-14.971 14.97z\"><\/path><\/svg><\/span>\n                          <h5 class=\"u-align-center u-text u-text-grey-40 u-text-5\"><span class=\"u-text-custom-color-22\">Email<\/span>: \n                          <\/h5>\n                          <a href=\"#\" class=\"u-border-active-none u-border-hover-none u-btn u-btn-rectangle u-button-style u-none u-text-body-alt-color u-text-hover-custom-color-22 u-btn-1\">contact@martprestige.com <\/a>\n                        <\/div>\n                      <\/div>\n                    <\/div>\n                  <\/div>\n                  <div class=\"u-size-30\">\n                    <div class=\"u-layout-row\">\n                      <div class=\"u-align-center u-container-align-center u-container-style u-layout-cell u-left-cell u-palette-5-dark-3 u-size-30 u-layout-cell-3\">\n                        <div class=\"u-container-layout u-valign-middle u-container-layout-3\"><span class=\"u-border-3 u-border-grey-15 u-icon u-icon-circle u-text-grey-40 u-icon-3\"><svg class=\"u-svg-link\" preserveAspectRatio=\"xMidYMin slice\" viewBox=\"0 0 384 384\" style=\"\"><use xlink:href=\"#svg-b9d1\"><\/use><\/svg><svg class=\"u-svg-content\" viewBox=\"0 0 384 384\" x=\"0px\" y=\"0px\" id=\"svg-b9d1\" style=\"enable-background:new 0 0 384 384;\"><g><g><path d=\"M353.188,252.052c-23.51,0-46.594-3.677-68.469-10.906c-10.906-3.719-23.323-0.833-30.438,6.417l-43.177,32.594    c-50.073-26.729-80.917-57.563-107.281-107.26l31.635-42.052c8.219-8.208,11.167-20.198,7.635-31.448    c-7.26-21.99-10.948-45.063-10.948-68.583C132.146,13.823,118.323,0,101.333,0H30.812C13.823,0,0,13.823,0,30.812    C0,225.563,158.438,384,353.188,384c16.99,0,30.813-13.823,30.813-30.813v-70.323C384,265.875,370.177,252.052,353.188,252.052z     M362.667,353.188c0,5.229-4.25,9.479-9.479,9.479c-182.99,0-331.854-148.865-331.854-331.854c0-5.229,4.25-9.479,9.479-9.479    h70.521c5.229,0,9.479,4.25,9.479,9.479c0,25.802,4.052,51.125,11.979,75.115c1.104,3.542,0.208,7.208-3.375,10.938L82.75,165.427    c-2.458,3.26-2.844,7.625-1,11.26c29.927,58.823,66.292,95.188,125.531,125.542c3.604,1.885,8.021,1.49,11.292-0.979    l49.677-37.635c2.51-2.51,6.271-3.406,9.667-2.25c24.156,7.979,49.479,12.021,75.271,12.021c5.229,0,9.479,4.25,9.479,9.479    V353.188z\"><\/path>\n<\/g>\n<\/g><\/svg><\/span>\n                          <h5 class=\"u-text u-text-grey-40 u-text-6\"><span class=\"u-text-custom-color-22\">Appelez nous<\/span>: \n                          <\/h5>\n                          <p class=\"u-text u-text-7\">\n                            <a class=\"u-active-none u-border-none u-btn u-button-link u-button-style u-hover-none u-none u-text-white u-btn-2\" href=\"tel:+33769000087\"> 07 69 00 00 87<\/a>\n                          <\/p>\n                        <\/div>\n                      <\/div>\n                      <div class=\"u-align-center u-container-align-center u-container-style u-layout-cell u-palette-5-dark-3 u-size-30 u-layout-cell-4\">\n                        <div class=\"u-border-2 u-border-custom-color-22 u-container-layout u-valign-middle u-container-layout-4\">\n                          <h5 class=\"u-text u-text-custom-color-22 u-text-8\">Nous contacter<\/h5>\n                          <p class=\"u-text u-text-9\">Contactez-nous<br>pour profitez de nos services \n                          <\/p>\n                          <div class=\"u-social-icons u-social-icons-1\">\n                            <a class=\"u-social-url\" target=\"_blank\" href=\"\"><span class=\"u-icon u-icon-circle u-social-facebook u-social-icon u-icon-4\"><svg class=\"u-svg-link\" preserveAspectRatio=\"xMidYMin slice\" viewBox=\"0 0 112 112\" style=\"\"><use xlink:href=\"#svg-d6d9\"><\/use><\/svg><svg x=\"0px\" y=\"0px\" viewBox=\"0 0 112 112\" id=\"svg-d6d9\" class=\"u-svg-content\"><path d=\"M75.5,28.8H65.4c-1.5,0-4,0.9-4,4.3v9.4h13.9l-1.5,15.8H61.4v45.1H42.8V58.3h-8.8V42.4h8.8V32.2 c0-7.4,3.4-18.8,18.8-18.8h13.8v15.4H75.5z\"><\/path><\/svg><\/span>\n                            <\/a>\n                            <a class=\"u-social-url\" target=\"_blank\" href=\"\"><span class=\"u-icon u-icon-circle u-social-icon u-social-twitter u-icon-5\"><svg class=\"u-svg-link\" preserveAspectRatio=\"xMidYMin slice\" viewBox=\"0 0 112 112\" style=\"\"><use xlink:href=\"#svg-05d4\"><\/use><\/svg><svg x=\"0px\" y=\"0px\" viewBox=\"0 0 112 112\" id=\"svg-05d4\" class=\"u-svg-content\"><path d=\"M92.2,38.2c0,0.8,0,1.6,0,2.3c0,24.3-18.6,52.4-52.6,52.4c-10.6,0.1-20.2-2.9-28.5-8.2 c1.4,0.2,2.9,0.2,4.4,0.2c8.7,0,16.7-2.9,23-7.9c-8.1-0.2-14.9-5.5-17.3-12.8c1.1,0.2,2.4,0.2,3.4,0.2c1.6,0,3.3-0.2,4.8-0.7 c-8.4-1.6-14.9-9.2-14.9-18c0-0.2,0-0.2,0-0.2c2.5,1.4,5.4,2.2,8.4,2.3c-5-3.3-8.3-8.9-8.3-15.4c0-3.4,1-6.5,2.5-9.2 c9.1,11.1,22.7,18.5,38,19.2c-0.2-1.4-0.4-2.8-0.4-4.3c0.1-10,8.3-18.2,18.5-18.2c5.4,0,10.1,2.2,13.5,5.7c4.3-0.8,8.1-2.3,11.7-4.5 c-1.4,4.3-4.3,7.9-8.1,10.1c3.7-0.4,7.3-1.4,10.6-2.9C98.9,32.3,95.7,35.5,92.2,38.2z\"><\/path><\/svg><\/span>\n                            <\/a>\n                            <a class=\"u-social-url\" target=\"_blank\" href=\"\"><span class=\"u-icon u-icon-circle u-social-icon u-social-instagram u-icon-6\"><svg class=\"u-svg-link\" preserveAspectRatio=\"xMidYMin slice\" viewBox=\"0 0 112 112\" style=\"\"><use xlink:href=\"#svg-301e\"><\/use><\/svg><svg x=\"0px\" y=\"0px\" viewBox=\"0 0 112 112\" id=\"svg-301e\" class=\"u-svg-content\"><path d=\"M55.9,32.9c-12.8,0-23.2,10.4-23.2,23.2s10.4,23.2,23.2,23.2s23.2-10.4,23.2-23.2S68.7,32.9,55.9,32.9z M55.9,69.4c-7.4,0-13.3-6-13.3-13.3c-0.1-7.4,6-13.3,13.3-13.3s13.3,6,13.3,13.3C69.3,63.5,63.3,69.4,55.9,69.4z\"><\/path><path d=\"M79.7,26.8c-3,0-5.4,2.5-5.4,5.4s2.5,5.4,5.4,5.4c3,0,5.4-2.5,5.4-5.4S82.7,26.8,79.7,26.8z\"><\/path><path d=\"M78.2,11H33.5C21,11,10.8,21.3,10.8,33.7v44.7c0,12.6,10.2,22.8,22.7,22.8h44.7c12.6,0,22.7-10.2,22.7-22.7 V33.7C100.8,21.1,90.6,11,78.2,11z M91,78.4c0,7.1-5.8,12.8-12.8,12.8H33.5c-7.1,0-12.8-5.8-12.8-12.8V33.7 c0-7.1,5.8-12.8,12.8-12.8h44.7c7.1,0,12.8,5.8,12.8,12.8V78.4z\"><\/path><\/svg><\/span>\n                            <\/a>\n                            <a class=\"u-social-url\" target=\"_blank\" href=\"#\"><span class=\"u-icon u-icon-circle u-social-icon u-social-pinterest u-icon-7\"><svg class=\"u-svg-link\" preserveAspectRatio=\"xMidYMin slice\" viewBox=\"0 0 112 112\" style=\"\"><use xlink:href=\"#svg-497a\"><\/use><\/svg><svg x=\"0px\" y=\"0px\" viewBox=\"0 0 112 112\" id=\"svg-497a\" class=\"u-svg-content\"><path d=\"M61.9,79.8c-5.5-0.3-7.8-3.1-12-5.8c-2.3,12.4-5.4,24.3-13.8,30.5c-2.6-18.7,3.8-32.8,6.9-47.7 c-5.1-8.7,0.7-26.2,11.5-21.9c13.5,5.4-11.6,32.3,5.1,35.7c17.6,3.5,24.7-30.5,13.8-41.4c-15.7-16.1-45.7-0.5-42,22.3 c0.9,5.6,6.7,7.2,2.3,15c-10.1-2.2-13-10.2-12.7-20.7c0.6-17.3,15.5-29.3,30.5-31.1c19-2.2,36.8,6.9,39.2,24.7 C93.4,59.5,82.3,81.3,61.9,79.8z\"><\/path><\/svg><\/span>\n                            <\/a>\n                          <\/div>\n                        <\/div>\n                      <\/div>\n                    <\/div>\n                  <\/div>\n                <\/div>\n              <\/div>\n              <div class=\"u-size-30 u-size-60-md\">\n                <div class=\"u-layout-col\">\n                  <div class=\"u-container-style u-layout-cell u-right-cell u-size-60 u-layout-cell-5\">\n                    <div class=\"u-container-layout u-container-layout-5\">\n                      <div class=\"u-expanded u-grey-light-2 u-map\">\n                        <div class=\"embed-responsive\">\n                          <iframe class=\"embed-responsive-item\" src=\"https:\/\/maps.google.com\/maps?output=embed&amp;q=425%20Rue%20de%20Pounelle45160%20OLIVET&amp;z=12&amp;t=m\" data-map=\"JTdCJTIyYWRkcmVzcyUyMiUzQSUyMjQyNSUyMFJ1ZSUyMGRlJTIwUG91bmVsbGU0NTE2MCUyME9MSVZFVCUyMiUyQyUyMnpvb20lMjIlM0ExMiUyQyUyMnR5cGVJZCUyMiUzQSUyMnJvYWQlMjIlMkMlMjJsYW5nJTIyJTNBJTIyJTIyJTdE\"><\/iframe>\n                        <\/div>\n                      <\/div>\n                    <\/div>\n                  <\/div>\n                <\/div>\n              <\/div>\n            <\/div>\n          <\/div>\n        <\/div>\n      <\/div>\n    <\/section>\n    <section class=\"u-clearfix u-image u-section-3\" id=\"sec-d455\" data-image-width=\"5448\" data-image-height=\"3632\" style=\"background-image: url(&quot;https:\/\/martprestige.com\/wp-content\/uploads\/2025\/04\/pexels-asphotograpy-887751.jpg&quot;);\">\n      <div class=\"u-clearfix u-sheet u-valign-middle-xl u-sheet-1\">\n        <div class=\"u-align-left u-container-align-left u-container-style u-expanded-width-xs u-group u-white u-group-1\">\n          <div class=\"u-container-layout u-valign-middle-xs u-container-layout-1\">\n            <h2 class=\"u-custom-font u-font-oswald u-text u-text-custom-color-22 u-text-1\">contactez-nous par mail<\/h2>\n            <div class=\"u-align-left u-expanded-width-md u-expanded-width-sm u-expanded-width-xs u-form u-form-1\">\n              <form action=\"https:\/\/forms.nicepagesrv.com\/v2\/form\/process\" class=\"u-clearfix u-form-spacing-28 u-form-vertical u-inner-form\" style=\"padding: 0px;\" source=\"email\" name=\"form\">\n                <div class=\"u-form-group u-form-name u-form-partition-factor-2 u-form-group-1\">\n                  <label class=\"u-label\">Pr\u00e9nom<\/label>\n                  <input type=\"text\" placeholder=\"Saisir votre Pr\u00e9nom\" id=\"first-name-f253\" name=\"name-1\" class=\"u-border-2 u-border-black u-border-no-left u-border-no-right u-border-no-top u-input u-input-rectangle\" required=\"\">\n                <\/div>\n                <div class=\"u-form-group u-form-name u-form-partition-factor-2 u-form-group-2\">\n                  <label class=\"u-label\">Nom<\/label>\n                  <input type=\"text\" placeholder=\"Saisir votre Nom\" id=\"last-name-f253\" name=\"name-2\" class=\"u-border-2 u-border-black u-border-no-left u-border-no-right u-border-no-top u-input u-input-rectangle\" required=\"\">\n                <\/div>\n                <div class=\"u-form-email u-form-group u-form-group-3\">\n                  <label class=\"u-label\">Courriel<\/label>\n                  <input type=\"email\" placeholder=\"Saisir une adresse mail valide\" id=\"email-9146\" name=\"email\" class=\"u-border-2 u-border-black u-border-no-left u-border-no-right u-border-no-top u-input u-input-rectangle\" required=\"\">\n                <\/div>\n                <div class=\"u-form-group u-form-phone u-form-group-4\">\n                  <label class=\"u-label\">T\u00e9l\u00e9phone<\/label>\n                  <input type=\"tel\" placeholder=\"Saisir votre t\u00e9l\u00e9phone (par ex +330600000000)\" id=\"phone-cb6e\" name=\"phone\" class=\"u-border-2 u-border-black u-border-no-left u-border-no-right u-border-no-top u-input u-input-rectangle\" required=\"\">\n                <\/div>\n                <div class=\"u-form-group u-form-message u-form-group-5\">\n                  <label class=\"u-label\">Message<\/label>\n                  <textarea placeholder=\"Saisir votre message\" id=\"message-23ab\" name=\"message\" class=\"u-border-2 u-border-black u-border-no-left u-border-no-right u-border-no-top u-input u-input-rectangle\" required=\"\"><\/textarea>\n                <\/div>\n                <div class=\"u-align-left u-form-group u-form-submit\">\n                  <a href=\"#\" class=\"u-border-2 u-border-black u-btn u-btn-submit u-button-style u-hover-black u-none u-text-custom-color-1 u-text-hover-white u-btn-1\">ENVOYEZ<\/a>\n                  <input type=\"submit\" value=\"submit\" class=\"u-form-control-hidden\">\n                <\/div>\n                <div class=\"u-form-send-message u-form-send-success\">Merci ! Votre message a \u00e9t\u00e9 envoy\u00e9.<\/div>\n                <div class=\"u-form-send-error u-form-send-message\">Impossible d'envoyer votre message. Merci de corriger les erreurs et r\u00e9essayer.<\/div>\n                <input type=\"hidden\" value=\"\" name=\"recaptchaResponse\">\n                <input type=\"hidden\" name=\"formServices\" value=\"6ed2e4a1-7993-a1d7-4e44-9f41fc07dcef\">\n                <input type=\"hidden\" name=\"siteKey\" value=\"6LcEGRErAAAAAIDLEWK2WV6ftVDnOJ7L4KMmvJdV\">\n              <\/form>\n            <\/div>\n          <\/div>\n        <\/div>\n        <div class=\"u-expanded-width-xs u-list u-list-1\">\n          <div class=\"u-repeater u-repeater-1\">\n            <div class=\"u-border-1 u-border-custom-color-22 u-container-style u-list-item u-palette-5-dark-3 u-repeater-item u-list-item-1\">\n              <div class=\"u-container-layout u-similar-container u-valign-middle-lg u-valign-middle-md u-valign-middle-sm u-valign-middle-xl u-container-layout-2\"><span class=\"u-icon u-icon-circle u-text-palette-1-base u-icon-1\"><svg class=\"u-svg-link\" preserveAspectRatio=\"xMidYMin slice\" viewBox=\"0 0 405.333 405.333\" style=\"\"><use xlink:href=\"#svg-ac3e\"><\/use><\/svg><svg class=\"u-svg-content\" viewBox=\"0 0 405.333 405.333\" x=\"0px\" y=\"0px\" id=\"svg-ac3e\" style=\"enable-background:new 0 0 405.333 405.333;\"><g><g><path d=\"M373.333,266.88c-25.003,0-49.493-3.904-72.725-11.584c-11.328-3.904-24.171-0.896-31.637,6.699l-46.016,34.752    c-52.779-28.16-86.571-61.931-114.389-114.368l33.813-44.928c8.512-8.533,11.563-20.971,7.915-32.64    C142.592,81.472,138.667,56.96,138.667,32c0-17.643-14.357-32-32-32H32C14.357,0,0,14.357,0,32    c0,205.845,167.488,373.333,373.333,373.333c17.643,0,32-14.357,32-32V298.88C405.333,281.237,390.976,266.88,373.333,266.88z     M384,373.333c0,5.888-4.8,10.667-10.667,10.667c-194.091,0-352-157.909-352-352c0-5.888,4.8-10.667,10.667-10.667h74.667    c5.867,0,10.667,4.779,10.667,10.667c0,27.243,4.267,53.995,12.629,79.36c1.237,3.989,0.235,8.107-3.669,12.16l-38.827,51.413    c-2.453,3.264-2.837,7.637-0.981,11.264c31.637,62.144,70.059,100.587,132.651,132.651c3.605,1.877,8.021,1.493,11.285-0.981    l52.523-39.808c2.859-2.816,7.061-3.797,10.859-2.539c25.515,8.427,52.267,12.693,79.531,12.693    c5.867,0,10.667,4.779,10.667,10.667V373.333z\"><\/path>\n<\/g>\n<\/g><\/svg><\/span>\n                <h5 class=\"u-text u-text-custom-color-22 u-text-2\">\n                  <a class=\"u-active-none u-border-none u-btn u-button-link u-button-style u-hover-none u-none u-text-custom-color-22 u-btn-2\" href=\"tel:+33769000087\">Appelez-nous<\/a>\n                <\/h5>\n                <p class=\"u-text u-text-3\">\n                  <a href=\"tel:+33769000087\" class=\"u-active-none u-border-none u-btn u-button-link u-button-style u-hover-none u-none u-text-body-alt-color u-btn-3\"> 07 69 00 00 87<\/a>\n                <\/p>\n              <\/div>\n            <\/div>\n            <div class=\"u-border-1 u-border-custom-color-22 u-container-style u-list-item u-palette-5-dark-3 u-repeater-item u-list-item-2\">\n              <div class=\"u-container-layout u-similar-container u-valign-middle-lg u-valign-middle-md u-valign-middle-sm u-valign-middle-xl u-container-layout-3\"><span class=\"u-icon u-icon-circle u-text-palette-1-base u-icon-2\"><svg class=\"u-svg-link\" preserveAspectRatio=\"xMidYMin slice\" viewBox=\"0 0 512 512\" style=\"\"><use xlink:href=\"#svg-6826\"><\/use><\/svg><svg class=\"u-svg-content\" viewBox=\"0 0 512 512\" x=\"0px\" y=\"0px\" id=\"svg-6826\" style=\"enable-background:new 0 0 512 512;\"><g><g><path d=\"M256,0C156.748,0,76,80.748,76,180c0,33.534,9.289,66.26,26.869,94.652l142.885,230.257    c2.737,4.411,7.559,7.091,12.745,7.091c0.04,0,0.079,0,0.119,0c5.231-0.041,10.063-2.804,12.75-7.292L410.611,272.22    C427.221,244.428,436,212.539,436,180C436,80.748,355.252,0,256,0z M384.866,256.818L258.272,468.186l-129.905-209.34    C113.734,235.214,105.8,207.95,105.8,180c0-82.71,67.49-150.2,150.2-150.2S406.1,97.29,406.1,180    C406.1,207.121,398.689,233.688,384.866,256.818z\"><\/path>\n<\/g>\n<\/g><g><g><path d=\"M256,90c-49.626,0-90,40.374-90,90c0,49.309,39.717,90,90,90c50.903,0,90-41.233,90-90C346,130.374,305.626,90,256,90z     M256,240.2c-33.257,0-60.2-27.033-60.2-60.2c0-33.084,27.116-60.2,60.2-60.2s60.1,27.116,60.1,60.2    C316.1,212.683,289.784,240.2,256,240.2z\"><\/path>\n<\/g>\n<\/g><\/svg><\/span>\n                <h5 class=\"u-text u-text-custom-color-22 u-text-4\">Emplacement<\/h5>\n                <p class=\"u-text u-text-5\"> 425 Rue de Pounelle<br>45160 OLIVET \n                <\/p>\n              <\/div>\n            <\/div>\n            <div class=\"u-border-1 u-border-custom-color-22 u-container-style u-list-item u-palette-5-dark-3 u-repeater-item u-list-item-3\">\n              <div class=\"u-container-layout u-similar-container u-valign-middle-lg u-valign-middle-md u-valign-middle-sm u-valign-middle-xl u-container-layout-4\"><span class=\"u-icon u-icon-circle u-text-palette-1-base u-icon-3\"><svg class=\"u-svg-link\" preserveAspectRatio=\"xMidYMin slice\" viewBox=\"0 0 512.00042 512\" style=\"\"><use xlink:href=\"#svg-d5ff\"><\/use><\/svg><svg class=\"u-svg-content\" viewBox=\"0 0 512.00042 512\" id=\"svg-d5ff\"><path d=\"m172.578125 310.394531v2.308594h67.191406c6.414063 0 12.054688 7.953125 12.054688 17.183594 0 9.234375-5.640625 17.695312-12.054688 17.695312h-91.300781c-7.183594 0-17.441406-4.871093-17.441406-12.308593v-24.878907c0-40.265625 80.789062-63.347656 80.789062-95.917969 0-8.207031-5.128906-18.210937-19.492187-18.210937-10.257813 0-19.234375 5.128906-19.234375 19.238281 0 7.4375-7.953125 14.617188-21.03125 14.617188-10.257813 0-17.953125-4.617188-17.953125-20.773438 0-31.289062 28.726562-49.242187 57.960937-49.242187 29.753906 0 59.757813 18.722656 59.757813 53.089843 0 55.652344-79.246094 73.863282-79.246094 97.199219zm216.199219-20.773437c0-9.230469-4.101563-18.464844-12.308594-18.464844h-11.027344v-17.953125c0-8.460937-10.003906-12.054687-20.007812-12.054687-10 0-20.003906 3.59375-20.003906 12.054687v17.953125h-22.054688l45.394531-91.046875c.769531-1.792969 1.28125-3.332031 1.28125-4.871094 0-9.234375-13.078125-15.132812-20.003906-15.132812-6.414063 0-12.824219 2.820312-16.671875 10.257812l-59.242188 116.183594c-1.539062 2.820313-2.054687 5.640625-2.054687 7.691406 0 8.976563 5.898437 13.851563 13.335937 13.851563h60.015626v27.183594c0 8.207031 10.003906 12.3125 20.003906 12.3125 10.003906 0 20.007812-4.105469 20.007812-12.3125v-27.183594h11.027344c6.15625 0 12.308594-9.234375 12.308594-18.46875zm-48.105469 167.53125c-17.921875 7.503906-36.804687 12.554687-56.128906 15.003906-10.957031 1.390625-18.710938 11.402344-17.320313 22.359375 1.386719 10.925781 11.367188 18.714844 22.355469 17.324219 22.90625-2.90625 45.292969-8.894532 66.546875-17.792969 10.1875-4.269531 14.988281-15.984375 10.71875-26.171875-4.265625-10.1875-15.980469-14.992188-26.171875-10.722656zm116.710937-72.226563c-8.769531-6.710937-21.324218-5.039062-28.039062 3.730469-11.757812 15.367188-25.519531 29.113281-40.898438 40.855469-8.78125 6.699219-10.464843 19.25-3.765624 28.03125 6.714843 8.792969 19.269531 10.453125 28.035156 3.761719 18.199218-13.894532 34.484375-30.15625 48.398437-48.339844 6.710938-8.773438 5.039063-21.324219-3.730469-28.039063zm37.125-117.773437c-10.949218-1.386719-20.964843 6.371094-22.351562 17.328125-2.445312 19.320312-7.484375 38.199219-14.980469 56.121093-4.261719 10.1875.542969 21.90625 10.730469 26.167969 10.148438 4.246094 21.890625-.496093 26.171875-10.730469 8.886719-21.253906 14.863281-43.636718 17.761719-66.535156 1.386718-10.957031-6.371094-20.964844-17.332032-22.351562zm-265.167968 205.003906c-107.941406-13.691406-189.339844-106.214844-189.339844-215.210938 0-119.894531 97.023438-216.945312 216.941406-216.945312 108.996094 0 201.511719 81.398438 215.207032 189.34375 1.390624 10.957031 11.414062 18.714844 22.355468 17.324219 10.957032-1.390625 18.714844-11.398438 17.324219-22.359375-16.101563-126.933594-124.492187-224.308594-254.886719-224.308594-142.003906 0-256.941406 114.921875-256.941406 256.945312 0 130.527344 97.496094 238.804688 224.304688 254.894532 10.929687 1.382812 20.964843-6.335938 22.359374-17.324219 1.390626-10.957031-6.367187-20.96875-17.324218-22.359375zm0 0\"><\/path><\/svg><\/span>\n                <h5 class=\"u-text u-text-custom-color-22 u-text-6\">Heures de travail<\/h5>\n                <p class=\"u-text u-text-7\">7 Jours sur 7 et 24h sur 24<\/p>\n              <\/div>\n            <\/div>\n          <\/div>\n        <\/div>\n      <\/div>\n    <\/section>\n    \n    \n    \n  \n","protected":false},"excerpt":{"rendered":"<p>coordonn\u00e9es Profitez d\u2019un service VTC haut de gamme, disponible 24h\/24 et 7j\/7. Remplissez le formulaire ci-dessous pour r\u00e9server votre chauffeur priv\u00e9. Nous vous confirmerons votre demande dans les plus brefs d\u00e9lais. Adresse: 425 Rue de Pounelle45160 OLIVET Email: contact@martprestige.com Appelez nous: 07 69 00 00 87 Nous contacter Contactez-nouspour profitez de nos services contactez-nous par &hellip; <a href=\"https:\/\/martprestige.com\/?page_id=42\" class=\"more-link\">Continue reading<span class=\"screen-reader-text\"> &#8220;Contact&#8221;<\/span><\/a><\/p>\n","protected":false},"author":1,"featured_media":0,"parent":0,"menu_order":5,"comment_status":"closed","ping_status":"closed","template":"","meta":{"footnotes":""},"class_list":["post-42","page","type-page","status-publish","hentry"],"_links":{"self":[{"href":"https:\/\/martprestige.com\/index.php?rest_route=\/wp\/v2\/pages\/42","targetHints":{"allow":["GET"]}}],"collection":[{"href":"https:\/\/martprestige.com\/index.php?rest_route=\/wp\/v2\/pages"}],"about":[{"href":"https:\/\/martprestige.com\/index.php?rest_route=\/wp\/v2\/types\/page"}],"author":[{"embeddable":true,"href":"https:\/\/martprestige.com\/index.php?rest_route=\/wp\/v2\/users\/1"}],"replies":[{"embeddable":true,"href":"https:\/\/martprestige.com\/index.php?rest_route=%2Fwp%2Fv2%2Fcomments&post=42"}],"version-history":[{"count":10,"href":"https:\/\/martprestige.com\/index.php?rest_route=\/wp\/v2\/pages\/42\/revisions"}],"predecessor-version":[{"id":77,"href":"https:\/\/martprestige.com\/index.php?rest_route=\/wp\/v2\/pages\/42\/revisions\/77"}],"wp:attachment":[{"href":"https:\/\/martprestige.com\/index.php?rest_route=%2Fwp%2Fv2%2Fmedia&parent=42"}],"curies":[{"name":"wp","href":"https:\/\/api.w.org\/{rel}","templated":true}]}}