{"id":41,"date":"2025-04-09T15:15:40","date_gmt":"2025-04-09T13:15:40","guid":{"rendered":"http:\/\/martprestige.com\/?page_id=41"},"modified":"2025-04-10T11:01:03","modified_gmt":"2025-04-10T09:01:03","slug":"mentions-legales","status":"publish","type":"page","link":"https:\/\/martprestige.com\/?page_id=41","title":{"rendered":"Mentions l\u00e9gales"},"content":{"rendered":"\n    \n    <section class=\"u-black u-clearfix u-section-2\" id=\"sec-7eeb\">\n      <div class=\"u-clearfix u-sheet u-sheet-1\">\n        <h1 class=\"u-text u-text-custom-color-22 u-text-default u-text-1\"> MENTIONS L\u00c9GALES <\/h1>\n        <p class=\"u-text u-text-default u-text-2\"><span style=\"font-weight: 700; font-size: 0.875rem;\" class=\"u-text-grey-5\"> SIREN 982 681 223<br>DATE DE CREATION 17&nbsp; janvier 2024<br>DIRIGEANTS :&nbsp;Rudik MARTIROSYAN<br>FORME&nbsp; JURIDIQUE SASU Soci\u00e9t\u00e9 par actions simplifi\u00e9e \u00e0 associ\u00e9 unique<br>CODE NAF ou APE4941A - Transports routiers de fret interurbains<br>ADRESSE :&nbsp;STRC 425 RUE DE POUNELLE, 45160 OLIVET France<br>SOURCES D'INFORMATION&nbsp;RCS&nbsp;Insee&nbsp;RNE<\/span><span class=\"u-text-grey-5\">\n            <br><\/span>\n          <br>\n          <br>le site est cr\u00e9er par l'agence <a href=\"https:\/\/www.agence-dgweb.fr\/\" class=\"u-active-none u-border-none u-btn u-button-link u-button-style u-hover-none u-none u-text-custom-color-22 u-btn-1\">DGWEB&nbsp;<\/a> &nbsp; &nbsp; &nbsp; &nbsp; &nbsp; &nbsp;<br>Adresse de courrier \u00e9lectronique : <a href=\"mailto:contact@agence-dgweb.fr?subject=Site%20%3A%20Mart%20Prestige\" class=\"u-active-none u-border-none u-btn u-button-link u-button-style u-hover-none u-none u-text-custom-color-22 u-btn-2\">contact@agence-dgweb.fr<\/a>\n          <br>\n        <\/p>\n        <h1 class=\"u-text u-text-custom-color-22 u-text-default u-text-3\"> R\u00c9SPONSABILIT\u00c9 <\/h1>\n        <p class=\"u-text u-text-default u-text-4\"> Cette politique de confidentialit\u00e9 d\u00e9crit comment&nbsp;\u200bMart Prestige recueille, utilise, partage et prot\u00e8ge les informations personnelles que vous nous fournissez sur notre site web.<br>\n          <br><span class=\"u-text-custom-color-22\"> Collecte d'informations personnelles <br><\/span>\n          <br>Lorsque vous visitez notre site web, nous pouvons recueillir des informations personnelles vous concernant, telles que votre nom, votre adresse e-mail, votre adresse IP et votre emplacement g\u00e9ographique.<br>Nous pouvons \u00e9galement recueillir des informations sur votre utilisation de notre site web, y compris les pages que vous consultez et les liens sur lesquels vous cliquez.<br>\n          <br><span class=\"u-text-custom-color-22\"> Utilisation des informations personnelles <br><\/span>\n          <br>Nous pouvons utiliser les informations personnelles que nous recueillons pour fournir, exploiter et am\u00e9liorer notre site web, r\u00e9pondre \u00e0 vos demandes et communiquer avec vous.<br>Nous pouvons \u00e9galement utiliser ces informations pour vous envoyer des communications marketing ou promotionnelles, mais vous pouvez choisir de ne pas les recevoir en suivant les instructions de d\u00e9sinscription incluses dans ces communications.<br>\n          <br><span class=\"u-text-custom-color-22\"> Partage des informations personnelles <br><\/span>\n          <br>Nous ne vendons ni ne louons vos informations personnelles \u00e0 des tiers.<br>Nous pouvons partager vos informations personnelles avec des prestataires de services tiers qui nous aident \u00e0 fournir, exploiter et am\u00e9liorer notre site web.<br>Nous pouvons \u00e9galement partager vos informations personnelles si nous sommes tenus de le faire par la loi, ou si nous pensons de bonne foi que cela est n\u00e9cessaire pour prot\u00e9ger nos droits, notre propri\u00e9t\u00e9 ou notre s\u00e9curit\u00e9, ou ceux des autres.<br>\n          <br><span class=\"u-text-custom-color-22\"> Protection des informations personnelles <br><\/span>\n          <br>Nous prenons des mesures pour prot\u00e9ger les informations personnelles que nous recueillons et stockons. Cependant, aucune m\u00e9thode de transmission sur Internet ou de stockage \u00e9lectronique n'est totalement s\u00e9curis\u00e9e, et nous ne pouvons garantir la s\u00e9curit\u00e9 absolue de vos informations personnelles.<br>\n          <br><span class=\"u-text-custom-color-22\"> Modification de cette politique de confidentialit\u00e9 <br><\/span>\n          <br>Nous nous r\u00e9servons le droit de modifier cette politique de confidentialit\u00e9 \u00e0 tout moment. Nous vous encourageons \u00e0 consulter cette page r\u00e9guli\u00e8rement pour prendre connaissance des mises \u00e0 jour \u00e9ventuelles.<br>\n          <br>\n          <a href=\"https:\/\/martprestige.com\/?page_id=42\" class=\"u-active-none u-border-none u-btn u-button-link u-button-style u-hover-none u-none u-text-custom-color-22 u-btn-3\" title=\"Contact\"> Contactez-nous <br>\n          <\/a>\n          <br>Si vous avez des questions ou des pr\u00e9occupations concernant cette politique de confidentialit\u00e9, vous pouvez nous contacter \u00e0 l'adresse suivante :<a href=\"mailto:contact@agence-soluzeo.com?subject=Politique%20de%20confidentialit%C3%A9\" class=\"u-active-none u-border-none u-btn u-button-style u-hover-none u-none u-text-custom-color-1 u-btn-4\">\n            <br>\n          <\/a>&nbsp;<br>\n          <br>En utilisant notre site web, vous acceptez cette politique de confidentialit\u00e9 et consentez \u00e0 la collecte, l'utilisation et le partage de vos informations personnelles conform\u00e9ment \u00e0 cette politique. \n        <\/p>\n      <\/div>\n    <\/section>\n    \n    \n    \n  \n","protected":false},"excerpt":{"rendered":"<p>MENTIONS L\u00c9GALES SIREN 982 681 223DATE DE CREATION 17&nbsp; janvier 2024DIRIGEANTS :&nbsp;Rudik MARTIROSYANFORME&nbsp; JURIDIQUE SASU Soci\u00e9t\u00e9 par actions simplifi\u00e9e \u00e0 associ\u00e9 uniqueCODE NAF ou APE4941A &#8211; Transports routiers de fret interurbainsADRESSE :&nbsp;STRC 425 RUE DE POUNELLE, 45160 OLIVET FranceSOURCES D&#8217;INFORMATION&nbsp;RCS&nbsp;Insee&nbsp;RNE le site est cr\u00e9er par l&#8217;agence DGWEB&nbsp; &nbsp; &nbsp; &nbsp; &nbsp; &nbsp; &nbsp;Adresse de courrier &hellip; <a href=\"https:\/\/martprestige.com\/?page_id=41\" class=\"more-link\">Continue reading<span class=\"screen-reader-text\"> &#8220;Mentions l\u00e9gales&#8221;<\/span><\/a><\/p>\n","protected":false},"author":1,"featured_media":0,"parent":0,"menu_order":4,"comment_status":"closed","ping_status":"closed","template":"","meta":{"footnotes":""},"class_list":["post-41","page","type-page","status-publish","hentry"],"_links":{"self":[{"href":"https:\/\/martprestige.com\/index.php?rest_route=\/wp\/v2\/pages\/41","targetHints":{"allow":["GET"]}}],"collection":[{"href":"https:\/\/martprestige.com\/index.php?rest_route=\/wp\/v2\/pages"}],"about":[{"href":"https:\/\/martprestige.com\/index.php?rest_route=\/wp\/v2\/types\/page"}],"author":[{"embeddable":true,"href":"https:\/\/martprestige.com\/index.php?rest_route=\/wp\/v2\/users\/1"}],"replies":[{"embeddable":true,"href":"https:\/\/martprestige.com\/index.php?rest_route=%2Fwp%2Fv2%2Fcomments&post=41"}],"version-history":[{"count":1,"href":"https:\/\/martprestige.com\/index.php?rest_route=\/wp\/v2\/pages\/41\/revisions"}],"predecessor-version":[{"id":52,"href":"https:\/\/martprestige.com\/index.php?rest_route=\/wp\/v2\/pages\/41\/revisions\/52"}],"wp:attachment":[{"href":"https:\/\/martprestige.com\/index.php?rest_route=%2Fwp%2Fv2%2Fmedia&parent=41"}],"curies":[{"name":"wp","href":"https:\/\/api.w.org\/{rel}","templated":true}]}}