{"id":40,"date":"2025-04-09T15:15:39","date_gmt":"2025-04-09T13:15:39","guid":{"rendered":"http:\/\/martprestige.com\/?page_id=40"},"modified":"2025-04-09T16:41:43","modified_gmt":"2025-04-09T14:41:43","slug":"accueil","status":"publish","type":"page","link":"https:\/\/martprestige.com\/","title":{"rendered":"Accueil"},"content":{"rendered":"\n    \n    <section class=\"u-align-center u-clearfix u-container-align-center u-shading u-uploaded-video u-valign-middle-lg u-valign-middle-md u-valign-middle-sm u-video u-video-cover u-section-2\" id=\"sec-0aee\">\n      <div style=\"\" class=\"u-background-video u-expanded u-video-cover\">\n        <div class=\"embed-responsive\">\n          <video class=\"embed-responsive-item\" data-autoplay=\"1\" loop=\"\" muted=\"1\" autoplay=\"autoplay\" playsinline=\"\">\n            <source src=\"https:\/\/martprestige.com\/wp-content\/uploads\/2025\/04\/5520101-hd_1920_1080_30fps.mp4\" type=\"video\/mp4\">\n            <p>Your browser does not support HTML5 video.<\/p>\n          <\/video>\n        <\/div>\n        <div class=\"u-video-shading\" style=\"background-image: linear-gradient(0deg, rgba(0,0,0,0.65), rgba(0,0,0,0.65));\"><\/div>\n      <\/div>\n      <div class=\"u-clearfix u-sheet u-sheet-1\">\n        <h1 class=\"u-text u-text-custom-color-22 u-title u-text-1\">Mart \u200b\u200bPRESTIGE<\/h1>\n        <p class=\"u-align-center u-large-text u-text u-text-body-alt-color u-text-variant u-text-2\"> L'excellence du transport priv\u00e9, le raffinement en plus.<\/p>\n      <\/div>\n    <\/section>\n    <section class=\"skrollable skrollable-between u-align-center u-clearfix u-container-align-center u-container-align-center-lg u-container-align-center-md u-container-align-center-sm u-container-align-center-xl u-image u-shading u-section-3\" id=\"sec-5a88\" src=\"\" data-image-width=\"769\" data-image-height=\"480\" style=\"background-image: linear-gradient(0deg, rgba(0, 0, 0, 0.45), rgba(0, 0, 0, 0.45)), url(&quot;https:\/\/martprestige.com\/wp-content\/uploads\/2025\/04\/580eb2ca10b3a07710558f6d61c5d677.png&quot;);\">\n      <div class=\"u-clearfix u-sheet u-valign-middle-lg u-valign-middle-md u-valign-middle-sm u-valign-middle-xl u-sheet-1\">\n        <h1 class=\"u-align-center u-text u-text-custom-color-22 u-text-1\" data-animation-name=\"customAnimationIn\" data-animation-duration=\"1500\"> Voyagez avec<br>\u00e9l\u00e9gance et s\u00e9r\u00e9nit\u00e9 \n        <\/h1>\n        <p class=\"u-align-center u-large-text u-text u-text-body-alt-color u-text-variant u-text-2\" data-animation-name=\"customAnimationIn\" data-animation-duration=\"1500\" data-animation-delay=\"250\"> Chauffeur VTC priv\u00e9, disponible 24\/7 pour vos d\u00e9placements professionnels et personnels.<\/p>\n        <a href=\"tel:+33769000087\" class=\"u-active-white u-align-center u-border-none u-btn u-button-style u-custom-color-22 u-hover-white u-text-active-palette-1-base u-text-hover-palette-1-base u-btn-1\" data-animation-name=\"customAnimationIn\" data-animation-duration=\"1500\" data-animation-delay=\"200\" data-animation-direction=\"\" title=\"Contact\">APPELEZ-NOUS <\/a>\n      <\/div>\n      <style data-mode=\"XXL\">@media (max-width: 0px) {\n   .u-section-3 {\n    background-image: linear-gradient(0deg, rgba(0, 0, 0, 0.45), rgba(0, 0, 0, 0.45)), url('https:\/\/martprestige.com\/wp-content\/uploads\/2025\/04\/medium-shot-man-getting-haircut2-min.jpg');\n    background-position: 50% 50%, 50% 50%;\n    background-size: cover, cover;\n  }\n  .u-section-3 .u-sheet-1 {\n    min-height: 792px;\n  }\n  .u-section-3 .u-text-1 {\n    text-shadow: 2px 2px 8px rgba(0,0,0,0.4);\n    --animation-custom_in-translate_x: 0px;\n    --animation-custom_in-translate_y: -300px;\n    --animation-custom_in-opacity: 0;\n    --animation-custom_in-rotate: 0deg;\n    --animation-custom_in-scale: 0.3;\n    font-size: 5.625rem;\n    text-transform: uppercase;\n    font-weight: 700;\n    width: 795px;\n    margin-top: 60px;\n    margin-left: auto;\n    margin-right: auto;\n    margin-bottom: 0;\n  }\n  .u-section-3 .u-text-2 {\n    text-shadow: 2px 2px 8px rgba(0,0,0,0.4);\n    --animation-custom_in-translate_x: 0px;\n    --animation-custom_in-translate_y: 0px;\n    --animation-custom_in-opacity: 0;\n    --animation-custom_in-rotate: 0deg;\n    --animation-custom_in-scale: 0.3;\n    width: 795px;\n    margin-top: 30px;\n    margin-left: auto;\n    margin-right: auto;\n    margin-bottom: 0;\n  }\n  .u-section-3 .u-btn-1 {\n    text-transform: uppercase;\n    font-weight: 700;\n    letter-spacing: 2px;\n    font-size: 1rem;\n    background-image: none;\n    --animation-custom_in-translate_x: 0px;\n    --animation-custom_in-translate_y: 300px;\n    --animation-custom_in-opacity: 0;\n    --animation-custom_in-rotate: 0deg;\n    --animation-custom_in-scale: 1;\n    margin-top: 45px;\n    margin-left: auto;\n    margin-right: auto;\n    margin-bottom: 0;\n    padding-top: 18px;\n    padding-right: 42px;\n    padding-bottom: 18px;\n    padding-left: 41px;\n  }\n  .u-block-7ae6-40 {\n    --animation-custom_in-translate_x: 0px;\n    --animation-custom_in-translate_y: 300px;\n    --animation-custom_in-opacity: 0;\n    --animation-custom_in-rotate: 0deg;\n    --animation-custom_in-scale: 0.3;\n    margin-top: 45px;\n    margin-left: auto;\n    margin-right: auto;\n    margin-bottom: 60px;\n  }\n  .u-block-7ae6-41 {\n    background-image: none;\n    border-style: solid;\n    margin-left: auto;\n    padding-top: 0;\n    padding-bottom: 0;\n    padding-left: 0;\n    padding-right: 0;\n  }\n}<\/style>\n    <\/section>\n    <section class=\"u-black u-clearfix u-section-4\" id=\"sec-e99f\">\n      <div class=\"u-clearfix u-sheet u-valign-middle-md u-valign-middle-sm u-valign-middle-xs u-sheet-1\">\n        <div class=\"custom-expanded u-border-2 u-border-custom-color-22 u-grey-90 u-shape u-shape-rectangle u-shape-1\" data-animation-name=\"customAnimationIn\" data-animation-duration=\"1000\" data-animation-delay=\"500\"><\/div>\n        <img decoding=\"async\" src=\"https:\/\/martprestige.com\/wp-content\/uploads\/2025\/04\/Capturedcran2025-04-06101648.png\" alt=\"\" class=\"u-border-2 u-border-custom-color-22 u-image u-image-default u-image-1\" data-image-width=\"1370\" data-image-height=\"801\" data-animation-name=\"customAnimationIn\" data-animation-duration=\"1500\" data-animation-delay=\"0\">\n        <div class=\"custom-expanded u-container-align-left u-container-style u-group u-group-1\" data-animation-name=\"customAnimationIn\" data-animation-duration=\"1000\" data-animation-delay=\"800\" data-animation-direction=\"X\">\n          <div class=\"u-container-layout u-valign-middle u-container-layout-1\">\n            <h2 class=\"u-align-left u-text u-text-custom-color-22 u-text-1\"> Votre chauffeur priv\u00e9, discret et professionnel<br style=\"\">\n            <\/h2>\n            <p class=\"u-align-justify-lg u-align-justify-md u-align-justify-sm u-align-justify-xl u-align-left-xs u-text u-text-2\" data-animation-name=\"\" data-animation-duration=\"0\" data-animation-delay=\"0\" data-animation-direction=\"\"> Avec plusieurs ann\u00e9es d\u2019exp\u00e9rience dans le transport de personnes haut de gamme, nous vous proposons un service de qualit\u00e9 sup\u00e9rieure, alliant confort, ponctualit\u00e9 et discr\u00e9tion.<br>\n              <br>Que ce soit pour un transfert a\u00e9roport, un rendez-vous d\u2019affaires ou un \u00e9v\u00e9nement sp\u00e9cial, nous nous engageons \u00e0 faire de chaque trajet une exp\u00e9rience inoubliable. \n            <\/p>\n            <a href=\"https:\/\/martprestige.com\/?page_id=42\" class=\"u-active-palette-5-dark-3 u-align-left u-border-none u-btn u-btn-round u-button-style u-custom-color-22 u-hover-palette-5-dark-3 u-radius-2 u-text-active-white u-text-hover-white u-btn-1\" title=\"Contact\">contactez-nous <\/a>\n          <\/div>\n        <\/div>\n      <\/div>\n    <\/section>\n    <section class=\"u-align-center u-black u-clearfix u-container-align-center u-valign-middle-lg u-valign-middle-md u-valign-middle-sm u-valign-middle-xs u-section-5\" id=\"sec-c2e0\">\n      <div class=\"u-clearfix u-sheet u-sheet-1\">\n        <h5 class=\"u-text u-text-custom-color-22 u-text-1\"> nos services<\/h5>\n        <h1 class=\"u-text u-text-custom-color-22 u-text-2\"> Prestations sur mesure<\/h1>\n        <div class=\"u-expanded-width-md u-expanded-width-sm u-expanded-width-xs u-list u-list-1\">\n          <div class=\"u-repeater u-repeater-1\">\n            <div class=\"u-align-center u-container-align-center u-container-style u-list-item u-repeater-item u-shape-rectangle u-list-item-1\">\n              <div class=\"u-container-layout u-similar-container u-valign-top-lg u-valign-top-md u-valign-top-sm u-valign-top-xs u-container-layout-1\">\n                <img decoding=\"async\" src=\"https:\/\/martprestige.com\/wp-content\/uploads\/2025\/04\/pexels-tanathip-rattanatum-1050216-2026324.jpg\" alt=\"\" class=\"u-border-2 u-border-custom-color-22 u-expanded-width u-image u-image-default u-image-1\" data-image-width=\"5463\" data-image-height=\"3642\">\n                <h4 class=\"u-text u-text-custom-color-22 u-text-3\"> Transferts a\u00e9roports &amp; gares<\/h4>\n                <p class=\"u-text u-text-4\"> Un accueil ponctuel et \u00e9l\u00e9gant pour vos d\u00e9parts et arriv\u00e9es, \u00e0 toute heure.<\/p>\n                <a href=\"https:\/\/martprestige.com\/?page_id=38#sec-ea3a\" class=\"u-btn u-button-style u-none u-text-custom-color-22 u-text-hover-white u-btn-1\">Lire la suite&nbsp; <\/a>\n              <\/div>\n            <\/div>\n            <div class=\"u-align-center u-container-align-center u-container-style u-list-item u-repeater-item u-shape-rectangle u-video-cover u-list-item-2\">\n              <div class=\"u-container-layout u-similar-container u-valign-top-lg u-valign-top-md u-valign-top-sm u-valign-top-xs u-container-layout-2\">\n                <img decoding=\"async\" src=\"https:\/\/martprestige.com\/wp-content\/uploads\/2025\/04\/pexels-olly-920382.jpg\" alt=\"\" class=\"u-border-2 u-border-custom-color-22 u-expanded-width u-image u-image-default u-image-2\" data-image-width=\"7502\" data-image-height=\"5002\">\n                <h4 class=\"u-text u-text-custom-color-22 u-text-5\"> Mise \u00e0 disposition<\/h4>\n                <p class=\"u-text u-text-6\"> Profitez d\u2019un chauffeur d\u00e9di\u00e9 pour plusieurs heures ou la journ\u00e9e enti\u00e8re, selon vos besoins.<\/p>\n                <a href=\"https:\/\/martprestige.com\/?page_id=38#sec-ea3a\" class=\"u-btn u-button-style u-none u-text-custom-color-22 u-text-hover-white u-btn-2\">Lire la suite&nbsp; <\/a>\n              <\/div>\n            <\/div>\n            <div class=\"u-align-center u-container-align-center u-container-style u-list-item u-repeater-item u-shape-rectangle u-video-cover u-list-item-3\">\n              <div class=\"u-container-layout u-similar-container u-valign-top-lg u-valign-top-md u-valign-top-sm u-valign-top-xs u-container-layout-3\">\n                <img decoding=\"async\" src=\"https:\/\/martprestige.com\/wp-content\/uploads\/2025\/04\/pexels-mario-mb-photo-graphie-1105633-2318049.jpg\" alt=\"\" class=\"u-border-2 u-border-custom-color-22 u-expanded-width u-image u-image-default u-image-3\" data-image-width=\"6720\" data-image-height=\"4480\">\n                <h4 class=\"u-text u-text-custom-color-22 u-text-7\"> \u00c9v\u00e9nements sp\u00e9ciaux<\/h4>\n                <p class=\"u-text u-text-8\"> Mariages, soir\u00e9es, s\u00e9minaires\u2026 arrivez avec style pour toutes vos occasions.<\/p>\n                <a href=\"https:\/\/martprestige.com\/?page_id=38#sec-ea3a\" class=\"u-btn u-button-style u-none u-text-custom-color-22 u-text-hover-white u-btn-3\" title=\"Services\">Services <\/a>\n              <\/div>\n            <\/div>\n            <div class=\"u-align-center u-container-align-center u-container-style u-list-item u-repeater-item u-shape-rectangle u-video-cover u-list-item-4\">\n              <div class=\"u-container-layout u-similar-container u-valign-top-lg u-valign-top-md u-valign-top-sm u-valign-top-xs u-container-layout-4\">\n                <img decoding=\"async\" src=\"https:\/\/martprestige.com\/wp-content\/uploads\/2025\/04\/road-6654573_1280.jpg\" alt=\"\" class=\"u-border-2 u-border-custom-color-22 u-expanded-width u-image u-image-default u-image-4\" data-image-width=\"1280\" data-image-height=\"855\">\n                <h4 class=\"u-text u-text-custom-color-22 u-text-9\"> D\u00e9placements longue distance<\/h4>\n                <p class=\"u-text u-text-10\"> Voyagez confortablement et en toute s\u00e9curit\u00e9, m\u00eame sur de longues distances.<\/p>\n                <a href=\"https:\/\/martprestige.com\/?page_id=38#sec-ea3a\" class=\"u-btn u-button-style u-none u-text-custom-color-22 u-text-hover-white u-btn-4\" title=\"Services\">Services <\/a>\n              <\/div>\n            <\/div>\n          <\/div>\n        <\/div>\n      <\/div>\n    <\/section>\n    <section class=\"u-black u-clearfix u-section-6\" id=\"sec-8ac3\">\n      <div class=\"u-clearfix u-sheet u-valign-middle-lg u-valign-middle-md u-valign-middle-sm u-valign-middle-xs u-sheet-1\">\n        <div class=\"data-layout-selected u-clearfix u-expanded-width u-layout-wrap u-layout-wrap-1\">\n          <div class=\"u-gutter-0 u-layout\">\n            <div class=\"u-layout-row\">\n              <div class=\"u-size-22 u-size-60-md\">\n                <div class=\"u-layout-col\">\n                  <div class=\"u-size-40\">\n                    <div class=\"u-layout-row\">\n                      <div class=\"u-align-center u-container-align-center u-container-style u-layout-cell u-left-cell u-shape-rectangle u-size-60 u-layout-cell-1\">\n                        <div class=\"u-border-2 u-border-custom-color-22 u-container-layout u-valign-middle-lg u-valign-middle-md u-valign-middle-sm u-container-layout-1\">\n                          <h2 class=\"u-heading-font u-subtitle u-text u-text-custom-color-22 u-text-1\">\u00c0 propos de nous<\/h2>\n                        <\/div>\n                      <\/div>\n                    <\/div>\n                  <\/div>\n                  <div class=\"u-size-20\">\n                    <div class=\"u-layout-row\">\n                      <div class=\"u-container-style u-layout-cell u-palette-5-dark-3 u-size-60 u-layout-cell-2\">\n                        <div class=\"u-container-layout u-container-layout-2\">\n                          <p class=\"u-text u-text-2\"> Chez <span class=\"u-text-palette-1-base\">MART&nbsp;Prestige<\/span>, nous ne nous contentons pas de vous transporter : nous vous offrons une exp\u00e9rience de voyage haut de gamme, alliant \u00e9l\u00e9gance, confort et discr\u00e9tion.&nbsp;<br>\n                            <br>Passionn\u00e9s par l\u2019excellence du service, nous mettons \u00e0 votre disposition un chauffeur professionnel, ponctuel et courtois, ainsi qu\u2019un v\u00e9hicule de luxe parfaitement entretenu.<br>\n                            <br>Que ce soit pour un trajet a\u00e9roport, un d\u00e9placement professionnel, un \u00e9v\u00e9nement priv\u00e9 ou une mise \u00e0 disposition sur mesure, nous nous engageons \u00e0 vous offrir une prestation irr\u00e9prochable.<br>\n                            <br>Notre mission ?<br> Vous faire voyager en toute s\u00e9r\u00e9nit\u00e9, dans un cadre raffin\u00e9, avec une attention particuli\u00e8re port\u00e9e \u00e0 chaque d\u00e9tail.<br>\n                            <br><span class=\"u-text-custom-color-22\">MART Prestige<\/span>&nbsp;\u2013 Parce que chaque trajet m\u00e9rite l\u2019excellence. \n                          <\/p><span class=\"u-icon u-icon-circle u-text-custom-color-22 u-icon-1\" data-href=\"https:\/\/martprestige.com\/?page_id=38\" title=\"Services\"><svg class=\"u-svg-link\" preserveAspectRatio=\"xMidYMin slice\" viewBox=\"0 0 491.996 491.996\" style=\"\"><use xlink:href=\"#svg-ca72\"><\/use><\/svg><svg class=\"u-svg-content\" viewBox=\"0 0 491.996 491.996\" x=\"0px\" y=\"0px\" id=\"svg-ca72\" style=\"enable-background:new 0 0 491.996 491.996;\"><g><g><path d=\"M484.132,124.986l-16.116-16.228c-5.072-5.068-11.82-7.86-19.032-7.86c-7.208,0-13.964,2.792-19.036,7.86l-183.84,183.848    L62.056,108.554c-5.064-5.068-11.82-7.856-19.028-7.856s-13.968,2.788-19.036,7.856l-16.12,16.128    c-10.496,10.488-10.496,27.572,0,38.06l219.136,219.924c5.064,5.064,11.812,8.632,19.084,8.632h0.084    c7.212,0,13.96-3.572,19.024-8.632l218.932-219.328c5.072-5.064,7.856-12.016,7.864-19.224    C491.996,136.902,489.204,130.046,484.132,124.986z\"><\/path>\n<\/g>\n<\/g><\/svg><\/span>\n                        <\/div>\n                      <\/div>\n                    <\/div>\n                  <\/div>\n                <\/div>\n              <\/div>\n              <div class=\"u-size-38 u-size-60-md\">\n                <div class=\"u-layout-col\">\n                  <div class=\"u-align-left u-container-align-left u-container-style u-image u-layout-cell u-right-cell u-size-60 u-image-1\" data-image-width=\"4000\" data-image-height=\"6000\" style=\"background-image: url(&quot;https:\/\/martprestige.com\/wp-content\/uploads\/2025\/04\/pexels-hazardos-804130.jpg&quot;);\">\n                    <div class=\"u-container-layout u-valign-middle u-container-layout-3\"><\/div>\n                  <\/div>\n                <\/div>\n              <\/div>\n            <\/div>\n          <\/div>\n        <\/div>\n      <\/div>\n    <\/section>\n    \n    \n    \n  \n","protected":false},"excerpt":{"rendered":"<p>Your browser does not support HTML5 video. Mart \u200b\u200bPRESTIGE L&#8217;excellence du transport priv\u00e9, le raffinement en plus. Voyagez avec\u00e9l\u00e9gance et s\u00e9r\u00e9nit\u00e9 Chauffeur VTC priv\u00e9, disponible 24\/7 pour vos d\u00e9placements professionnels et personnels. APPELEZ-NOUS Votre chauffeur priv\u00e9, discret et professionnel Avec plusieurs ann\u00e9es d\u2019exp\u00e9rience dans le transport de personnes haut de gamme, nous vous proposons un &hellip; <a href=\"https:\/\/martprestige.com\/\" class=\"more-link\">Continue reading<span class=\"screen-reader-text\"> &#8220;Accueil&#8221;<\/span><\/a><\/p>\n","protected":false},"author":1,"featured_media":0,"parent":0,"menu_order":3,"comment_status":"closed","ping_status":"closed","template":"","meta":{"footnotes":""},"class_list":["post-40","page","type-page","status-publish","hentry"],"_links":{"self":[{"href":"https:\/\/martprestige.com\/index.php?rest_route=\/wp\/v2\/pages\/40","targetHints":{"allow":["GET"]}}],"collection":[{"href":"https:\/\/martprestige.com\/index.php?rest_route=\/wp\/v2\/pages"}],"about":[{"href":"https:\/\/martprestige.com\/index.php?rest_route=\/wp\/v2\/types\/page"}],"author":[{"embeddable":true,"href":"https:\/\/martprestige.com\/index.php?rest_route=\/wp\/v2\/users\/1"}],"replies":[{"embeddable":true,"href":"https:\/\/martprestige.com\/index.php?rest_route=%2Fwp%2Fv2%2Fcomments&post=40"}],"version-history":[{"count":2,"href":"https:\/\/martprestige.com\/index.php?rest_route=\/wp\/v2\/pages\/40\/revisions"}],"predecessor-version":[{"id":64,"href":"https:\/\/martprestige.com\/index.php?rest_route=\/wp\/v2\/pages\/40\/revisions\/64"}],"wp:attachment":[{"href":"https:\/\/martprestige.com\/index.php?rest_route=%2Fwp%2Fv2%2Fmedia&parent=40"}],"curies":[{"name":"wp","href":"https:\/\/api.w.org\/{rel}","templated":true}]}}